{"id":10052,"date":"2024-09-26T17:12:06","date_gmt":"2024-09-26T22:12:06","guid":{"rendered":"https:\/\/www.salcedo.gob.ec\/?page_id=10052"},"modified":"2024-10-03T16:23:28","modified_gmt":"2024-10-03T21:23:28","slug":"direccion-de-planificacion","status":"publish","type":"page","link":"https:\/\/www.salcedo.gob.ec\/?page_id=10052","title":{"rendered":"DIRECCI\u00d3N DE PLANIFICACI\u00d3N"},"content":{"rendered":"\t\t<div data-elementor-type=\"wp-page\" data-elementor-id=\"10052\" class=\"elementor elementor-10052\" data-elementor-post-type=\"page\">\n\t\t\t\t<div class=\"elementor-element elementor-element-563ea485 e-flex e-con-boxed e-con e-parent\" data-id=\"563ea485\" data-element_type=\"container\" data-e-type=\"container\">\n\t\t\t\t\t<div class=\"e-con-inner\">\n\t\t\t\t<div class=\"elementor-element elementor-element-3a22482c elementor-widget elementor-widget-text-editor\" data-id=\"3a22482c\" data-element_type=\"widget\" data-e-type=\"widget\" data-widget_type=\"text-editor.default\">\n\t\t\t\t\t\t\t\t\t<div id=\"pl-gb10052-69ddc88956f89\"  class=\"panel-layout\" ><div id=\"pg-gb10052-69ddc88956f89-0\"  class=\"panel-grid panel-no-style\" ><div id=\"pgc-gb10052-69ddc88956f89-0-0\"  class=\"panel-grid-cell\" ><div id=\"panel-gb10052-69ddc88956f89-0-0-0\" class=\"so-panel widget widget_block panel-first-child panel-last-child\" data-index=\"0\" ><\/div><\/div><\/div><\/div>\n\n\n<p class=\"wp-block-paragraph\"><\/p>\n\t\t\t\t\t\t\t\t<\/div>\n\t\t\t\t\t<\/div>\n\t\t\t\t<\/div>\n\t\t<div class=\"elementor-element elementor-element-1824ba4 e-flex e-con-boxed e-con e-parent\" data-id=\"1824ba4\" data-element_type=\"container\" data-e-type=\"container\">\n\t\t\t\t\t<div class=\"e-con-inner\">\n\t\t\t\t<div class=\"elementor-element elementor-element-04e4c31 elementor-widget elementor-widget-heading\" data-id=\"04e4c31\" data-element_type=\"widget\" data-e-type=\"widget\" data-widget_type=\"heading.default\">\n\t\t\t\t\t<h1 class=\"elementor-heading-title elementor-size-default\"><b>Documentos para tr\u00e1mites<\/b><\/h1>\t\t\t\t<\/div>\n\t\t\t\t\t<\/div>\n\t\t\t\t<\/div>\n\t\t<div class=\"elementor-element elementor-element-f4f5c61 e-flex e-con-boxed e-con e-parent\" data-id=\"f4f5c61\" data-element_type=\"container\" data-e-type=\"container\">\n\t\t\t\t\t<div class=\"e-con-inner\">\n\t\t\t\t<div class=\"elementor-element elementor-element-7346211 elementor-widget elementor-widget-text-editor\" data-id=\"7346211\" data-element_type=\"widget\" data-e-type=\"widget\" data-widget_type=\"text-editor.default\">\n\t\t\t\t\t\t\t\t\t<p><b>Descarga la documentaci\u00f3n necesaria para realizar los tr\u00e1mites pertinentes en la Direcci\u00f3n de Planificaci\u00f3n<\/b><\/p>\t\t\t\t\t\t\t\t<\/div>\n\t\t\t\t\t<\/div>\n\t\t\t\t<\/div>\n\t\t<div class=\"elementor-element elementor-element-58308be e-grid e-con-full e-con e-parent\" data-id=\"58308be\" data-element_type=\"container\" data-e-type=\"container\" data-settings=\"{&quot;background_background&quot;:&quot;classic&quot;}\">\n\t\t\t\t<div class=\"elementor-element elementor-element-ce26ec7 elementor-widget elementor-widget-image\" data-id=\"ce26ec7\" data-element_type=\"widget\" data-e-type=\"widget\" data-widget_type=\"image.default\">\n\t\t\t\t\t\t\t\t\t\t\t\t<figure class=\"wp-caption\">\n\t\t\t\t\t\t\t\t\t\t\t<a href=\"https:\/\/www.salcedo.gob.ec\/?sdm_downloads=informe-uso-de-suelo\">\n\t\t\t\t\t\t\t<img fetchpriority=\"high\" decoding=\"async\" width=\"242\" height=\"242\" src=\"https:\/\/www.salcedo.gob.ec\/wp-content\/uploads\/2024\/10\/Informe-uso-suelo.jpg\" class=\"attachment-large size-large wp-image-10175\" alt=\"\" srcset=\"https:\/\/www.salcedo.gob.ec\/wp-content\/uploads\/2024\/10\/Informe-uso-suelo.jpg 242w, https:\/\/www.salcedo.gob.ec\/wp-content\/uploads\/2024\/10\/Informe-uso-suelo-150x150.jpg 150w\" sizes=\"(max-width: 242px) 100vw, 242px\" \/>\t\t\t\t\t\t\t\t<\/a>\n\t\t\t\t\t\t\t\t\t\t\t<figcaption class=\"widget-image-caption wp-caption-text\">Descargar Documentaci\u00f3n<\/figcaption>\n\t\t\t\t\t\t\t\t\t\t<\/figure>\n\t\t\t\t\t\t\t\t\t<\/div>\n\t\t\t\t<div class=\"elementor-element elementor-element-b1f2df8 elementor-widget elementor-widget-image\" data-id=\"b1f2df8\" data-element_type=\"widget\" data-e-type=\"widget\" data-widget_type=\"image.default\">\n\t\t\t\t\t\t\t\t\t\t\t\t<figure class=\"wp-caption\">\n\t\t\t\t\t\t\t\t\t\t\t<a href=\"https:\/\/www.salcedo.gob.ec\/?sdm_downloads=check-list-gestion-de-suelo\">\n\t\t\t\t\t\t\t<img decoding=\"async\" width=\"242\" height=\"242\" src=\"https:\/\/www.salcedo.gob.ec\/wp-content\/uploads\/2024\/09\/DESCARGA-TRAMITES-02.jpg\" class=\"attachment-large size-large wp-image-10137\" alt=\"\" srcset=\"https:\/\/www.salcedo.gob.ec\/wp-content\/uploads\/2024\/09\/DESCARGA-TRAMITES-02.jpg 242w, https:\/\/www.salcedo.gob.ec\/wp-content\/uploads\/2024\/09\/DESCARGA-TRAMITES-02-150x150.jpg 150w\" sizes=\"(max-width: 242px) 100vw, 242px\" \/>\t\t\t\t\t\t\t\t<\/a>\n\t\t\t\t\t\t\t\t\t\t\t<figcaption class=\"widget-image-caption wp-caption-text\">Descargar Documentaci\u00f3n<\/figcaption>\n\t\t\t\t\t\t\t\t\t\t<\/figure>\n\t\t\t\t\t\t\t\t\t<\/div>\n\t\t\t\t<\/div>\n\t\t\t\t<\/div>\n\t\t","protected":false},"excerpt":{"rendered":"<p>Documentos para tr\u00e1mites Descarga la documentaci\u00f3n necesaria para realizar los tr\u00e1mites pertinentes en la Direcci\u00f3n de Planificaci\u00f3n Descargar Documentaci\u00f3n Descargar Documentaci\u00f3n<\/p>\n","protected":false},"author":1,"featured_media":0,"parent":0,"menu_order":0,"comment_status":"closed","ping_status":"closed","template":"","meta":{"_acf_changed":false,"_crdt_document":"","footnotes":""},"class_list":["post-10052","page","type-page","status-publish","hentry"],"acf":[],"_links":{"self":[{"href":"https:\/\/www.salcedo.gob.ec\/index.php?rest_route=\/wp\/v2\/pages\/10052","targetHints":{"allow":["GET"]}}],"collection":[{"href":"https:\/\/www.salcedo.gob.ec\/index.php?rest_route=\/wp\/v2\/pages"}],"about":[{"href":"https:\/\/www.salcedo.gob.ec\/index.php?rest_route=\/wp\/v2\/types\/page"}],"author":[{"embeddable":true,"href":"https:\/\/www.salcedo.gob.ec\/index.php?rest_route=\/wp\/v2\/users\/1"}],"replies":[{"embeddable":true,"href":"https:\/\/www.salcedo.gob.ec\/index.php?rest_route=%2Fwp%2Fv2%2Fcomments&post=10052"}],"version-history":[{"count":0,"href":"https:\/\/www.salcedo.gob.ec\/index.php?rest_route=\/wp\/v2\/pages\/10052\/revisions"}],"wp:attachment":[{"href":"https:\/\/www.salcedo.gob.ec\/index.php?rest_route=%2Fwp%2Fv2%2Fmedia&parent=10052"}],"curies":[{"name":"wp","href":"https:\/\/api.w.org\/{rel}","templated":true}]}}