{"id":10429,"date":"2025-01-08T16:37:35","date_gmt":"2025-01-08T21:37:35","guid":{"rendered":"https:\/\/www.salcedo.gob.ec\/?page_id=10429"},"modified":"2025-01-14T11:55:06","modified_gmt":"2025-01-14T16:55:06","slug":"pdot-pugs-2025","status":"publish","type":"page","link":"https:\/\/www.salcedo.gob.ec\/?page_id=10429","title":{"rendered":"Actualizaci\u00f3n 2025"},"content":{"rendered":"\n<div class=\"wp-block-stackable-call-to-action alignfull stk-block-call-to-action stk-block stk-820ecf8 stk-block-background stk--has-background-overlay\" data-v=\"2\" data-block-id=\"820ecf8\"><style>.stk-820ecf8{background-color:linear-gradient(90deg,#006ba1 0%,#7bdcb5 100%) !important;background-image:url(https:\/\/storage.googleapis.com\/stackable-plugin-assets\/library-v3\/section-arch-call-to-action-1\/25a83e2df764.jpg) !important;min-height:400px !important;align-items:center !important;display:flex !important}.stk-820ecf8:before{opacity:0.5 !important;background-image:linear-gradient(90deg,#006ba1 0%,#7bdcb5 100%) !important}<\/style><div class=\"stk-block-call-to-action__content stk-content-align stk-820ecf8-column alignwide stk-container stk-820ecf8-container stk--no-background stk--no-padding\"><div class=\"has-text-align-center stk-block-content stk-inner-blocks stk-820ecf8-inner-blocks\">\n<h1 class=\"wp-block-heading has-48-font-size\"><span style=\"color: #ffffff;\" class=\"stk-highlight\">ACTUALIZACI\u00d3N PDOT Y PUGS<\/span><\/h1>\n<\/div><\/div><\/div>\n\n\n\n<div class=\"wp-block-group\"><div class=\"wp-block-group__inner-container is-layout-constrained wp-block-group-is-layout-constrained\">\n<div class=\"wp-block-stackable-columns aligncenter stk-block-columns stk-block stk-556eef5\" data-block-id=\"556eef5\"><div class=\"stk-row stk-inner-blocks stk-block-content stk-content-align stk-556eef5-column\">\n<div class=\"wp-block-stackable-column stk-block-column stk-column stk-block stk-b12a0ad\" data-v=\"4\" data-block-id=\"b12a0ad\"><div class=\"stk-column-wrapper stk-block-column__content stk-container stk-b12a0ad-container stk--no-background stk--no-padding\"><div class=\"stk-block-content stk-inner-blocks stk-b12a0ad-inner-blocks\">\n<div class=\"wp-block-stackable-team-member stk-block-team-member stk-block stk-9895e15 is-style-default\" data-v=\"2\" data-block-id=\"9895e15\"><style>.stk-9895e15-container{box-shadow:0 0 0 2px #7878781a !important}<\/style><div class=\"stk-block-team-member__content stk-content-align stk-9895e15-column stk-container stk-9895e15-container stk-hover-parent\"><div class=\"stk-block-content stk-inner-blocks has-text-align-center stk-9895e15-inner-blocks\">\n<div class=\"wp-block-stackable-image stk-block-image stk-block stk-86bd0b0\" data-block-id=\"86bd0b0\"><style>.stk-86bd0b0 .stk-img-wrapper{width:100% !important;height:116px !important}.stk-86bd0b0 .stk-img-wrapper img{border-radius:0px !important}<\/style><figure><span class=\"stk-img-wrapper stk-image--shape-stretch\"><img fetchpriority=\"high\" decoding=\"async\" class=\"stk-img wp-image-10436\" src=\"https:\/\/www.salcedo.gob.ec\/wp-content\/uploads\/2025\/01\/Parroquias_de_Salcedo-02.jpg\" width=\"670\" height=\"431\" srcset=\"https:\/\/www.salcedo.gob.ec\/wp-content\/uploads\/2025\/01\/Parroquias_de_Salcedo-02.jpg 670w, https:\/\/www.salcedo.gob.ec\/wp-content\/uploads\/2025\/01\/Parroquias_de_Salcedo-02-300x193.jpg 300w, https:\/\/www.salcedo.gob.ec\/wp-content\/uploads\/2025\/01\/Parroquias_de_Salcedo-02-320x206.jpg 320w, https:\/\/www.salcedo.gob.ec\/wp-content\/uploads\/2025\/01\/Parroquias_de_Salcedo-02-480x309.jpg 480w\" sizes=\"(max-width: 670px) 100vw, 670px\" \/><\/span><\/figure><\/div>\n\n\n\n<h3 class=\"wp-block-heading\">PDOT<\/h3>\n\n\n\n<div class=\"wp-block-stackable-text stk-block-text stk-block stk-908c057\" data-block-id=\"908c057\"><p class=\"stk-block-text__text has-text-align-justify\">El PDOT es un instrumento t\u00e9cnico y normativo para la planificaci\u00f3n territorial. Orienta las intervenciones de las instituciones p\u00fablicas y privadas para generar el desarrollo local. <\/p><\/div>\n\n\n\n<p class=\"wp-block-paragraph\"><a href=\"https:\/\/www.salcedo.gob.ec\/archivos\/PDOT%202024%20PRELIMINAR%20FINAL_2_FINAL_FINAL_compressed%20(1).pdf\">DESCARGAR<\/a><\/p>\n<\/div><\/div><\/div>\n<\/div><\/div><\/div>\n\n\n\n<div class=\"wp-block-stackable-column stk-block-column stk-column stk-block stk-5f7a55d\" data-v=\"4\" data-block-id=\"5f7a55d\"><div class=\"stk-column-wrapper stk-block-column__content stk-container stk-5f7a55d-container stk--no-background stk--no-padding\"><div class=\"stk-block-content stk-inner-blocks stk-5f7a55d-inner-blocks\">\n<div class=\"wp-block-stackable-team-member stk-block-team-member stk-block stk-f634230 is-style-default\" data-v=\"2\" data-block-id=\"f634230\"><style>.stk-f634230-container{box-shadow:0 0 0 2px #7878781a !important}<\/style><div class=\"stk-block-team-member__content stk-content-align stk-f634230-column stk-container stk-f634230-container stk-hover-parent\"><div class=\"stk-block-content stk-inner-blocks has-text-align-center stk-f634230-inner-blocks\">\n<div class=\"wp-block-stackable-image stk-block-image stk-block stk-d0e9185\" data-block-id=\"d0e9185\"><style>.stk-d0e9185 .stk-img-wrapper{width:100% !important;height:115px !important}.stk-d0e9185 .stk-img-wrapper img{border-radius:0px !important}<\/style><figure><span class=\"stk-img-wrapper stk-image--shape-stretch\"><img decoding=\"async\" class=\"stk-img wp-image-10435\" src=\"https:\/\/www.salcedo.gob.ec\/wp-content\/uploads\/2025\/01\/PDOT-01.jpg\" width=\"670\" height=\"431\" srcset=\"https:\/\/www.salcedo.gob.ec\/wp-content\/uploads\/2025\/01\/PDOT-01.jpg 670w, https:\/\/www.salcedo.gob.ec\/wp-content\/uploads\/2025\/01\/PDOT-01-300x193.jpg 300w, https:\/\/www.salcedo.gob.ec\/wp-content\/uploads\/2025\/01\/PDOT-01-320x206.jpg 320w, https:\/\/www.salcedo.gob.ec\/wp-content\/uploads\/2025\/01\/PDOT-01-480x309.jpg 480w\" sizes=\"(max-width: 670px) 100vw, 670px\" \/><\/span><\/figure><\/div>\n\n\n\n<h3 class=\"wp-block-heading\">PUGS<\/h3>\n\n\n\n<div class=\"wp-block-stackable-text stk-block-text stk-block stk-7d1303a\" data-block-id=\"7d1303a\"><p class=\"stk-block-text__text has-text-align-justify\">El Plan de Uso y Gesti\u00f3n de Suelo \u2013 PUGS, es un documento normativo a trav\u00e9s del cual los gobiernos aut\u00f3nomos descentralizados municipales \u2013 GADM, establecen e instrumentalizan las pol\u00edticas de actuaciones que propenden a varias acciones territoriales.<\/p><\/div>\n\n\n\n<p class=\"wp-block-paragraph\"><a href=\"https:\/\/www.salcedo.gob.ec\/archivos\/PUGS%202024%20COMPONENTES_ESTRUCTURANTE_URBANISTICA_FINAL-S_compressed.pdf\">DESCARGAR<\/a><\/p>\n<\/div><\/div><\/div>\n\n\n\n<p class=\"wp-block-paragraph\"><\/p>\n<\/div><\/div><\/div>\n\n\n\n<div class=\"wp-block-stackable-column stk-block-column stk-column stk-block stk-8f32d46\" data-v=\"4\" data-block-id=\"8f32d46\"><div class=\"stk-column-wrapper stk-block-column__content stk-container stk-8f32d46-container stk--no-background stk--no-padding\"><div class=\"stk-block-content stk-inner-blocks stk-8f32d46-inner-blocks\">\n<div class=\"wp-block-stackable-team-member stk-block-team-member stk-block stk-234c491 is-style-default\" data-v=\"2\" data-block-id=\"234c491\"><style>.stk-234c491{margin-bottom:0px !important}.stk-234c491-container{box-shadow:0 0 0 2px #7878781a !important}<\/style><div class=\"stk-block-team-member__content stk-content-align stk-234c491-column stk-container stk-234c491-container stk-hover-parent\"><div class=\"stk-block-content stk-inner-blocks has-text-align-center stk-234c491-inner-blocks\">\n<div class=\"wp-block-stackable-image stk-block-image stk-block stk-04dc59c\" data-block-id=\"04dc59c\"><style>.stk-04dc59c .stk-img-wrapper{width:100% !important;height:116px !important}.stk-04dc59c .stk-img-wrapper img{border-radius:0px !important}<\/style><figure><span class=\"stk-img-wrapper stk-image--shape-stretch\"><img decoding=\"async\" class=\"stk-img wp-image-10437\" src=\"https:\/\/www.salcedo.gob.ec\/wp-content\/uploads\/2025\/01\/ORDENANZA-03.jpg\" width=\"669\" height=\"431\" srcset=\"https:\/\/www.salcedo.gob.ec\/wp-content\/uploads\/2025\/01\/ORDENANZA-03.jpg 669w, https:\/\/www.salcedo.gob.ec\/wp-content\/uploads\/2025\/01\/ORDENANZA-03-300x193.jpg 300w, https:\/\/www.salcedo.gob.ec\/wp-content\/uploads\/2025\/01\/ORDENANZA-03-320x206.jpg 320w, https:\/\/www.salcedo.gob.ec\/wp-content\/uploads\/2025\/01\/ORDENANZA-03-480x309.jpg 480w\" sizes=\"(max-width: 669px) 100vw, 669px\" \/><\/span><\/figure><\/div>\n\n\n\n<h3 class=\"wp-block-heading\">ORDENANZA<\/h3>\n\n\n\n<div class=\"wp-block-stackable-text stk-block-text stk-block stk-1fad669\" data-block-id=\"1fad669\"><p class=\"stk-block-text__text has-text-align-justify\">Ordenanza que determina la actualizaci\u00f3n del Plan de Desarrollo y Ordenamiento Territorial y el Plan de Uso y Gesti\u00f3n Del Suelo del cant\u00f3n Salcedo<\/p><\/div>\n\n\n\n<p class=\"wp-block-paragraph\"><a href=\"https:\/\/www.salcedo.gob.ec\/wp-content\/uploads\/2025\/01\/ORDENANZA-QUE-DETERMINA-LA-ACTUALIZACION-DEL-PLAN-DE-DESARROLLO-Y-ORDENAMIENTO-TERRITORIAL-Y-EL-PLAN-DE-USO-Y-GESTION-DEL-SUELO-DEL-CANTON-SALCEDO.pdf\">DESCARGAR<\/a><\/p>\n<\/div><\/div><\/div>\n\n\n\n<p class=\"wp-block-paragraph\"><\/p>\n<\/div><\/div><\/div>\n<\/div><\/div>\n<\/div><\/div>\n","protected":false},"excerpt":{"rendered":"<p>ACTUALIZACI\u00d3N PDOT Y PUGS PDOT El PDOT es un instrumento t\u00e9cnico y normativo para la planificaci\u00f3n territorial. Orienta las intervenciones de las instituciones p\u00fablicas y privadas para generar el desarrollo local. DESCARGAR PUGS El Plan de Uso y Gesti\u00f3n de Suelo \u2013 PUGS, es un documento normativo a trav\u00e9s del cual los gobiernos aut\u00f3nomos descentralizados [&hellip;]<\/p>\n","protected":false},"author":1,"featured_media":0,"parent":0,"menu_order":0,"comment_status":"closed","ping_status":"closed","template":"","meta":{"_acf_changed":false,"_crdt_document":"","footnotes":""},"class_list":["post-10429","page","type-page","status-publish","hentry"],"acf":[],"_links":{"self":[{"href":"https:\/\/www.salcedo.gob.ec\/index.php?rest_route=\/wp\/v2\/pages\/10429","targetHints":{"allow":["GET"]}}],"collection":[{"href":"https:\/\/www.salcedo.gob.ec\/index.php?rest_route=\/wp\/v2\/pages"}],"about":[{"href":"https:\/\/www.salcedo.gob.ec\/index.php?rest_route=\/wp\/v2\/types\/page"}],"author":[{"embeddable":true,"href":"https:\/\/www.salcedo.gob.ec\/index.php?rest_route=\/wp\/v2\/users\/1"}],"replies":[{"embeddable":true,"href":"https:\/\/www.salcedo.gob.ec\/index.php?rest_route=%2Fwp%2Fv2%2Fcomments&post=10429"}],"version-history":[{"count":0,"href":"https:\/\/www.salcedo.gob.ec\/index.php?rest_route=\/wp\/v2\/pages\/10429\/revisions"}],"wp:attachment":[{"href":"https:\/\/www.salcedo.gob.ec\/index.php?rest_route=%2Fwp%2Fv2%2Fmedia&parent=10429"}],"curies":[{"name":"wp","href":"https:\/\/api.w.org\/{rel}","templated":true}]}}