{"id":10489,"date":"2025-01-20T10:46:19","date_gmt":"2025-01-20T15:46:19","guid":{"rendered":"https:\/\/www.salcedo.gob.ec\/?page_id=10489"},"modified":"2025-09-09T15:56:17","modified_gmt":"2025-09-09T20:56:17","slug":"rendicion-de-cuentas-2024","status":"publish","type":"page","link":"https:\/\/www.salcedo.gob.ec\/?page_id=10489","title":{"rendered":"RENDICION DE CUENTAS 2024"},"content":{"rendered":"\t\t<div data-elementor-type=\"wp-page\" data-elementor-id=\"10489\" class=\"elementor elementor-10489\" data-elementor-post-type=\"page\">\n\t\t\t\t<div class=\"elementor-element elementor-element-395013b e-flex e-con-boxed e-con e-parent\" data-id=\"395013b\" data-element_type=\"container\" data-e-type=\"container\">\n\t\t\t\t\t<div class=\"e-con-inner\">\n\t\t\t\t<div class=\"elementor-element elementor-element-adfaacf elementor-widget elementor-widget-image\" data-id=\"adfaacf\" data-element_type=\"widget\" data-e-type=\"widget\" data-widget_type=\"image.default\">\n\t\t\t\t\t\t\t\t\t\t\t\t\t\t\t<img fetchpriority=\"high\" decoding=\"async\" width=\"800\" height=\"277\" src=\"https:\/\/www.salcedo.gob.ec\/wp-content\/uploads\/2025\/02\/Rendicion-de-cuentas-2024.png\" class=\"attachment-large size-large wp-image-10582\" alt=\"\" srcset=\"https:\/\/www.salcedo.gob.ec\/wp-content\/uploads\/2025\/02\/Rendicion-de-cuentas-2024.png 1024w, https:\/\/www.salcedo.gob.ec\/wp-content\/uploads\/2025\/02\/Rendicion-de-cuentas-2024-300x104.png 300w, https:\/\/www.salcedo.gob.ec\/wp-content\/uploads\/2025\/02\/Rendicion-de-cuentas-2024-768x266.png 768w, https:\/\/www.salcedo.gob.ec\/wp-content\/uploads\/2025\/02\/Rendicion-de-cuentas-2024-320x111.png 320w, https:\/\/www.salcedo.gob.ec\/wp-content\/uploads\/2025\/02\/Rendicion-de-cuentas-2024-480x166.png 480w, https:\/\/www.salcedo.gob.ec\/wp-content\/uploads\/2025\/02\/Rendicion-de-cuentas-2024-800x277.png 800w\" sizes=\"(max-width: 800px) 100vw, 800px\" \/>\t\t\t\t\t\t\t\t\t\t\t\t\t\t\t<\/div>\n\t\t\t\t\t<\/div>\n\t\t\t\t<\/div>\n\t\t<div class=\"elementor-element elementor-element-093bc72 e-flex e-con-boxed e-con e-parent\" data-id=\"093bc72\" data-element_type=\"container\" data-e-type=\"container\">\n\t\t\t\t\t<div class=\"e-con-inner\">\n\t\t\t\t<div class=\"elementor-element elementor-element-13c4fe9 elementor-widget elementor-widget-text-editor\" data-id=\"13c4fe9\" data-element_type=\"widget\" data-e-type=\"widget\" data-widget_type=\"text-editor.default\">\n\t\t\t\t\t\t\t\t\t<p>En cumplimiento del mandato constitucional contenido en el Art. 208, numeral 2 de la Constituci\u00f3n de la Rep\u00fablica, en relaci\u00f3n con el Art. 90 de la Ley Org\u00e1nica de <a href=\"http:\/\/www.cpccs.gob.ec\/?mod=SegundoEje\" target=\"_blank\" rel=\"alternate noopener noreferrer\" data-original-font-size=\"14\" data-original-line-height=\"21\" data-original-letter-spacing=\"0\" aria-label=\"Participaci\u00f3n Ciudadana - opens in new tab - opens in new tab\">Participaci\u00f3n Ciudadana<\/a>; el Art. 60, letra y) y Art. 266 del <a href=\"http:\/\/www.ame.gob.ec\/ame\/pdf\/cootad_2012.pdf\" target=\"_blank\" rel=\"alternate noopener noreferrer\" data-original-font-size=\"14\" data-original-line-height=\"21\" data-original-letter-spacing=\"0\" aria-label=\"C\u00f3digo Org\u00e1nico de Organizaci\u00f3n Territorial-COOTAD - opens in new tab - opens in new tab\">C\u00f3digo Org\u00e1nico de Organizaci\u00f3n Territorial-COOTAD<\/a>, es obligaci\u00f3n y compromiso de la Administraci\u00f3n\u00a0 del Gobierno Aut\u00f3nomo Descentralizado Municipal del cant\u00f3n Salcedo, rendir cuentas a la ciudadan\u00eda mediante la difusi\u00f3n de la informaci\u00f3n y la interacci\u00f3n directa y participativa de los mandantes en la revisi\u00f3n y an\u00e1lisis de la planificaci\u00f3n, la gesti\u00f3n y los avances de los objetivos propuestos por la Municipalidad, en una din\u00e1mica conjunta de responsabilidad y compromiso entre autoridades y comunidad, garantizando el control social a la administraci\u00f3n municipal que brinda un espacio de interlocuci\u00f3n entre servidores p\u00fablicos y ciudadan\u00eda, generando transparencia y confianza entre gobernantes y ciudadanos, sirviendo de insumo para ajustar proyectos y planes de acci\u00f3n.<\/p>\t\t\t\t\t\t\t\t<\/div>\n\t\t\t\t\t<\/div>\n\t\t\t\t<\/div>\n\t\t<div class=\"elementor-element elementor-element-988c75f e-flex e-con-boxed e-con e-parent\" data-id=\"988c75f\" data-element_type=\"container\" data-e-type=\"container\">\n\t\t\t\t\t<div class=\"e-con-inner\">\n\t\t\t\t<div class=\"elementor-element elementor-element-97d4a0e elementor-widget elementor-widget-n-accordion\" data-id=\"97d4a0e\" data-element_type=\"widget\" data-e-type=\"widget\" data-settings=\"{&quot;default_state&quot;:&quot;expanded&quot;,&quot;max_items_expended&quot;:&quot;one&quot;,&quot;n_accordion_animation_duration&quot;:{&quot;unit&quot;:&quot;ms&quot;,&quot;size&quot;:400,&quot;sizes&quot;:[]}}\" data-widget_type=\"nested-accordion.default\">\n\t\t\t\t\t\t\t<div class=\"e-n-accordion\" aria-label=\"Accordion. Open links with Enter or Space, close with Escape, and navigate with Arrow Keys\">\n\t\t\t\t\t\t<details id=\"e-n-accordion-item-1590\" class=\"e-n-accordion-item\" open>\n\t\t\t\t<summary class=\"e-n-accordion-item-title\" data-accordion-index=\"1\" tabindex=\"0\" aria-expanded=\"true\" aria-controls=\"e-n-accordion-item-1590\" >\n\t\t\t\t\t<span class='e-n-accordion-item-title-header'><div class=\"e-n-accordion-item-title-text\"> Fase 1  <\/div><\/span>\n\t\t\t\t\t\t\t<span class='e-n-accordion-item-title-icon'>\n\t\t\t<span class='e-opened' ><svg aria-hidden=\"true\" class=\"e-font-icon-svg e-fas-minus\" viewBox=\"0 0 448 512\" xmlns=\"http:\/\/www.w3.org\/2000\/svg\"><path d=\"M416 208H32c-17.67 0-32 14.33-32 32v32c0 17.67 14.33 32 32 32h384c17.67 0 32-14.33 32-32v-32c0-17.67-14.33-32-32-32z\"><\/path><\/svg><\/span>\n\t\t\t<span class='e-closed'><svg aria-hidden=\"true\" class=\"e-font-icon-svg e-fas-plus\" viewBox=\"0 0 448 512\" xmlns=\"http:\/\/www.w3.org\/2000\/svg\"><path d=\"M416 208H272V64c0-17.67-14.33-32-32-32h-32c-17.67 0-32 14.33-32 32v144H32c-17.67 0-32 14.33-32 32v32c0 17.67 14.33 32 32 32h144v144c0 17.67 14.33 32 32 32h32c17.67 0 32-14.33 32-32V304h144c17.67 0 32-14.33 32-32v-32c0-17.67-14.33-32-32-32z\"><\/path><\/svg><\/span>\n\t\t<\/span>\n\n\t\t\t\t\t\t<\/summary>\n\t\t\t\t<div role=\"region\" aria-labelledby=\"e-n-accordion-item-1590\" class=\"elementor-element elementor-element-7d76f69 e-con-full e-flex e-con e-child\" data-id=\"7d76f69\" data-element_type=\"container\" data-e-type=\"container\">\n\t\t<div role=\"region\" aria-labelledby=\"e-n-accordion-item-1590\" class=\"elementor-element elementor-element-52c4752 e-flex e-con-boxed e-con e-child\" data-id=\"52c4752\" data-element_type=\"container\" data-e-type=\"container\">\n\t\t\t\t\t<div class=\"e-con-inner\">\n\t\t\t\t<div class=\"elementor-element elementor-element-a48f7e1 elementor-widget elementor-widget-text-editor\" data-id=\"a48f7e1\" data-element_type=\"widget\" data-e-type=\"widget\" data-widget_type=\"text-editor.default\">\n\t\t\t\t\t\t\t\t\t<ul><li><a href=\"https:\/\/www.salcedo.gob.ec\/archivos\/PDOT%202024%20PRELIMINAR%20FINAL_2_FINAL_FINAL_compressed%20(1).pdf\" target=\"_blank\" rel=\"noopener\">PDOT2025<\/a><\/li><li>POA\/PAI<ul><li><a href=\"https:\/\/drive.google.com\/drive\/folders\/1C9tRadIUnSKVQJEHX5qR9SAeLkT4duGd?usp=drive_link\">POA 2024<\/a><\/li><li><a href=\"https:\/\/www.salcedo.gob.ec\/wp-content\/uploads\/2025\/05\/PAI-2024.pdf\">PAI 2024<\/a><\/li><\/ul><\/li><li><a href=\"https:\/\/www.salcedo.gob.ec\/wp-content\/uploads\/2025\/05\/PRESUPUESTO-2024_compressed.pdf\" target=\"_blank\" rel=\"noopener\">Presupuesto<\/a><\/li><li><a href=\"https:\/\/www.salcedo.gob.ec\/wp-content\/uploads\/2024\/06\/Plan-de-trabajo-Alcalde-Salcedo.pdf\" target=\"_blank\" rel=\"noopener\">Plan de Trabajo<\/a><\/li><li><a href=\"https:\/\/forms.gle\/PdjeaNd1VEfHRc3N9\">Formulario de Preguntas<\/a><\/li><\/ul>\t\t\t\t\t\t\t\t<\/div>\n\t\t\t\t\t<\/div>\n\t\t\t\t<\/div>\n\t\t\t\t<\/div>\n\t\t\t\t\t<\/details>\n\t\t\t\t\t\t<details id=\"e-n-accordion-item-1591\" class=\"e-n-accordion-item\" >\n\t\t\t\t<summary class=\"e-n-accordion-item-title\" data-accordion-index=\"2\" tabindex=\"-1\" aria-expanded=\"false\" aria-controls=\"e-n-accordion-item-1591\" >\n\t\t\t\t\t<span class='e-n-accordion-item-title-header'><div class=\"e-n-accordion-item-title-text\"> Fase 2  <\/div><\/span>\n\t\t\t\t\t\t\t<span class='e-n-accordion-item-title-icon'>\n\t\t\t<span class='e-opened' ><svg aria-hidden=\"true\" class=\"e-font-icon-svg e-fas-minus\" viewBox=\"0 0 448 512\" xmlns=\"http:\/\/www.w3.org\/2000\/svg\"><path d=\"M416 208H32c-17.67 0-32 14.33-32 32v32c0 17.67 14.33 32 32 32h384c17.67 0 32-14.33 32-32v-32c0-17.67-14.33-32-32-32z\"><\/path><\/svg><\/span>\n\t\t\t<span class='e-closed'><svg aria-hidden=\"true\" class=\"e-font-icon-svg e-fas-plus\" viewBox=\"0 0 448 512\" xmlns=\"http:\/\/www.w3.org\/2000\/svg\"><path d=\"M416 208H272V64c0-17.67-14.33-32-32-32h-32c-17.67 0-32 14.33-32 32v144H32c-17.67 0-32 14.33-32 32v32c0 17.67 14.33 32 32 32h144v144c0 17.67 14.33 32 32 32h32c17.67 0 32-14.33 32-32V304h144c17.67 0 32-14.33 32-32v-32c0-17.67-14.33-32-32-32z\"><\/path><\/svg><\/span>\n\t\t<\/span>\n\n\t\t\t\t\t\t<\/summary>\n\t\t\t\t<div role=\"region\" aria-labelledby=\"e-n-accordion-item-1591\" class=\"elementor-element elementor-element-5adfa56 e-con-full e-flex e-con e-child\" data-id=\"5adfa56\" data-element_type=\"container\" data-e-type=\"container\">\n\t\t<div role=\"region\" aria-labelledby=\"e-n-accordion-item-1591\" class=\"elementor-element elementor-element-d2525e1 e-flex e-con-boxed e-con e-child\" data-id=\"d2525e1\" data-element_type=\"container\" data-e-type=\"container\">\n\t\t\t\t\t<div class=\"e-con-inner\">\n\t\t\t\t<div class=\"elementor-element elementor-element-222162a elementor-widget elementor-widget-text-editor\" data-id=\"222162a\" data-element_type=\"widget\" data-e-type=\"widget\" data-widget_type=\"text-editor.default\">\n\t\t\t\t\t\t\t\t\t<ul><li><a href=\"https:\/\/www.salcedo.gob.ec\/?page_id=9517\" target=\"_blank\" rel=\"noopener\">Evaluaci\u00f3n de la gesti\u00f3n institucional.<\/a><\/li><li><a href=\"https:\/\/drive.google.com\/file\/d\/1b55MwO7MwzrqcuZC9c187bLS5DWOPoB0\/view?usp=sharing\" target=\"_blank\" rel=\"noopener\">Informe narrativo preliminar.<\/a><\/li><li><a href=\"https:\/\/drive.google.com\/file\/d\/1aZ8KJt5Ugz24q5npUm_hyUbG3XUzd7Jn\/view?usp=sharing\" target=\"_blank\" rel=\"noopener\">Aprobaci\u00f3n del informe por la m\u00e1xima autoridad.<\/a><\/li><li><a href=\"https:\/\/drive.google.com\/file\/d\/1aabUgIDuR0KMoLV_fHfAA1nsh3swlfEn\/view?usp=sharing\" target=\"_blank\" rel=\"noopener\">Preguntas ciudadanas<\/a><\/li><\/ul>\t\t\t\t\t\t\t\t<\/div>\n\t\t\t\t\t<\/div>\n\t\t\t\t<\/div>\n\t\t\t\t<\/div>\n\t\t\t\t\t<\/details>\n\t\t\t\t\t\t<details id=\"e-n-accordion-item-1592\" class=\"e-n-accordion-item\" >\n\t\t\t\t<summary class=\"e-n-accordion-item-title\" data-accordion-index=\"3\" tabindex=\"-1\" aria-expanded=\"false\" aria-controls=\"e-n-accordion-item-1592\" >\n\t\t\t\t\t<span class='e-n-accordion-item-title-header'><div class=\"e-n-accordion-item-title-text\"> Fase 3 <\/div><\/span>\n\t\t\t\t\t\t\t<span class='e-n-accordion-item-title-icon'>\n\t\t\t<span class='e-opened' ><svg aria-hidden=\"true\" class=\"e-font-icon-svg e-fas-minus\" viewBox=\"0 0 448 512\" xmlns=\"http:\/\/www.w3.org\/2000\/svg\"><path d=\"M416 208H32c-17.67 0-32 14.33-32 32v32c0 17.67 14.33 32 32 32h384c17.67 0 32-14.33 32-32v-32c0-17.67-14.33-32-32-32z\"><\/path><\/svg><\/span>\n\t\t\t<span class='e-closed'><svg aria-hidden=\"true\" class=\"e-font-icon-svg e-fas-plus\" viewBox=\"0 0 448 512\" xmlns=\"http:\/\/www.w3.org\/2000\/svg\"><path d=\"M416 208H272V64c0-17.67-14.33-32-32-32h-32c-17.67 0-32 14.33-32 32v144H32c-17.67 0-32 14.33-32 32v32c0 17.67 14.33 32 32 32h144v144c0 17.67 14.33 32 32 32h32c17.67 0 32-14.33 32-32V304h144c17.67 0 32-14.33 32-32v-32c0-17.67-14.33-32-32-32z\"><\/path><\/svg><\/span>\n\t\t<\/span>\n\n\t\t\t\t\t\t<\/summary>\n\t\t\t\t<div role=\"region\" aria-labelledby=\"e-n-accordion-item-1592\" class=\"elementor-element elementor-element-a7170b0 e-con-full e-flex e-con e-child\" data-id=\"a7170b0\" data-element_type=\"container\" data-e-type=\"container\">\n\t\t<div role=\"region\" aria-labelledby=\"e-n-accordion-item-1592\" class=\"elementor-element elementor-element-fbe3844 e-flex e-con-boxed e-con e-child\" data-id=\"fbe3844\" data-element_type=\"container\" data-e-type=\"container\">\n\t\t\t\t\t<div class=\"e-con-inner\">\n\t\t\t\t<div class=\"elementor-element elementor-element-842fb0d elementor-widget elementor-widget-text-editor\" data-id=\"842fb0d\" data-element_type=\"widget\" data-e-type=\"widget\" data-widget_type=\"text-editor.default\">\n\t\t\t\t\t\t\t\t\t<ul><li><a href=\"https:\/\/www.salcedo.gob.ec\/wp-content\/uploads\/2024\/06\/DifusionRendicionDeCuentas2023.pdf\" target=\"_blank\" rel=\"noopener\">Difusi\u00f3n previa del Informe de Rendici\u00f3n de Cuentas.<\/a><\/li><li><a href=\"https:\/\/www.facebook.com\/photo.php?fbid=753229050314983&amp;set=pb.100068836855509.-2207520000&amp;type=3\" target=\"_blank\" rel=\"noopener\">Convocatoria a la deliberaci\u00f3n p\u00fablica y evaluaci\u00f3n ciudadana.<\/a><\/li><li><a href=\"https:\/\/www.facebook.com\/share\/p\/jfcZvV7yxw8eWqTD\/?mibextid=oFDknk\" target=\"_blank\" rel=\"noopener\">Deliberaci\u00f3n p\u00fablica y evaluaci\u00f3n ciudadana<\/a>.<\/li><li>Registro de Participantes.<\/li><li><a href=\"https:\/\/youtu.be\/iy4b_gIeUKM\" target=\"_blank\" rel=\"noopener\">Video Rendici\u00f3n de Cuentas<\/a>.<\/li><\/ul>\t\t\t\t\t\t\t\t<\/div>\n\t\t\t\t\t<\/div>\n\t\t\t\t<\/div>\n\t\t\t\t<\/div>\n\t\t\t\t\t<\/details>\n\t\t\t\t\t\t<details id=\"e-n-accordion-item-1593\" class=\"e-n-accordion-item\" >\n\t\t\t\t<summary class=\"e-n-accordion-item-title\" data-accordion-index=\"4\" tabindex=\"-1\" aria-expanded=\"false\" aria-controls=\"e-n-accordion-item-1593\" >\n\t\t\t\t\t<span class='e-n-accordion-item-title-header'><div class=\"e-n-accordion-item-title-text\"> Fase 4  <\/div><\/span>\n\t\t\t\t\t\t\t<span class='e-n-accordion-item-title-icon'>\n\t\t\t<span class='e-opened' ><svg aria-hidden=\"true\" class=\"e-font-icon-svg e-fas-minus\" viewBox=\"0 0 448 512\" xmlns=\"http:\/\/www.w3.org\/2000\/svg\"><path d=\"M416 208H32c-17.67 0-32 14.33-32 32v32c0 17.67 14.33 32 32 32h384c17.67 0 32-14.33 32-32v-32c0-17.67-14.33-32-32-32z\"><\/path><\/svg><\/span>\n\t\t\t<span class='e-closed'><svg aria-hidden=\"true\" class=\"e-font-icon-svg e-fas-plus\" viewBox=\"0 0 448 512\" xmlns=\"http:\/\/www.w3.org\/2000\/svg\"><path d=\"M416 208H272V64c0-17.67-14.33-32-32-32h-32c-17.67 0-32 14.33-32 32v144H32c-17.67 0-32 14.33-32 32v32c0 17.67 14.33 32 32 32h144v144c0 17.67 14.33 32 32 32h32c17.67 0 32-14.33 32-32V304h144c17.67 0 32-14.33 32-32v-32c0-17.67-14.33-32-32-32z\"><\/path><\/svg><\/span>\n\t\t<\/span>\n\n\t\t\t\t\t\t<\/summary>\n\t\t\t\t<div role=\"region\" aria-labelledby=\"e-n-accordion-item-1593\" class=\"elementor-element elementor-element-c6b3072 e-con-full e-flex e-con e-child\" data-id=\"c6b3072\" data-element_type=\"container\" data-e-type=\"container\">\n\t\t<div role=\"region\" aria-labelledby=\"e-n-accordion-item-1593\" class=\"elementor-element elementor-element-3cb1d28 e-flex e-con-boxed e-con e-child\" data-id=\"3cb1d28\" data-element_type=\"container\" data-e-type=\"container\">\n\t\t\t\t\t<div class=\"e-con-inner\">\n\t\t\t\t<div class=\"elementor-element elementor-element-252223b elementor-widget elementor-widget-text-editor\" data-id=\"252223b\" data-element_type=\"widget\" data-e-type=\"widget\" data-widget_type=\"text-editor.default\">\n\t\t\t\t\t\t\t\t\t<ul><li><a href=\"https:\/\/drive.google.com\/file\/d\/1jtAK8aJubUFYA5aLNnTJPr3I5yjF_UPY\/view?usp=sharing\" target=\"_blank\" rel=\"noopener\">Informe de Rendici\u00f3n de Cuentas 2024<\/a><\/li><li><a href=\"https:\/\/drive.google.com\/file\/d\/1YDSGSMOlbBLDgxpw73L0HlGXUjw88FEV\/view?usp=sharing\" target=\"_blank\" rel=\"noopener\">Entrega del Informe de Rendici\u00f3n de Cuentas al CPCCS<\/a>.<\/li><\/ul>\t\t\t\t\t\t\t\t<\/div>\n\t\t\t\t\t<\/div>\n\t\t\t\t<\/div>\n\t\t\t\t<\/div>\n\t\t\t\t\t<\/details>\n\t\t\t\t\t\t<details id=\"e-n-accordion-item-1594\" class=\"e-n-accordion-item\" >\n\t\t\t\t<summary class=\"e-n-accordion-item-title\" data-accordion-index=\"5\" tabindex=\"-1\" aria-expanded=\"false\" aria-controls=\"e-n-accordion-item-1594\" >\n\t\t\t\t\t<span class='e-n-accordion-item-title-header'><div class=\"e-n-accordion-item-title-text\"> Anexo Rendici\u00f3n Cuentas 2024 <\/div><\/span>\n\t\t\t\t\t\t\t<span class='e-n-accordion-item-title-icon'>\n\t\t\t<span class='e-opened' ><svg aria-hidden=\"true\" class=\"e-font-icon-svg e-fas-minus\" viewBox=\"0 0 448 512\" xmlns=\"http:\/\/www.w3.org\/2000\/svg\"><path d=\"M416 208H32c-17.67 0-32 14.33-32 32v32c0 17.67 14.33 32 32 32h384c17.67 0 32-14.33 32-32v-32c0-17.67-14.33-32-32-32z\"><\/path><\/svg><\/span>\n\t\t\t<span class='e-closed'><svg aria-hidden=\"true\" class=\"e-font-icon-svg e-fas-plus\" viewBox=\"0 0 448 512\" xmlns=\"http:\/\/www.w3.org\/2000\/svg\"><path d=\"M416 208H272V64c0-17.67-14.33-32-32-32h-32c-17.67 0-32 14.33-32 32v144H32c-17.67 0-32 14.33-32 32v32c0 17.67 14.33 32 32 32h144v144c0 17.67 14.33 32 32 32h32c17.67 0 32-14.33 32-32V304h144c17.67 0 32-14.33 32-32v-32c0-17.67-14.33-32-32-32z\"><\/path><\/svg><\/span>\n\t\t<\/span>\n\n\t\t\t\t\t\t<\/summary>\n\t\t\t\t<div role=\"region\" aria-labelledby=\"e-n-accordion-item-1594\" class=\"elementor-element elementor-element-09b7dea e-con-full e-flex e-con e-child\" data-id=\"09b7dea\" data-element_type=\"container\" data-e-type=\"container\">\n\t\t<div role=\"region\" aria-labelledby=\"e-n-accordion-item-1594\" class=\"elementor-element elementor-element-aa2fc68 e-flex e-con-boxed e-con e-child\" data-id=\"aa2fc68\" data-element_type=\"container\" data-e-type=\"container\">\n\t\t\t\t\t<div class=\"e-con-inner\">\n\t\t\t\t<div class=\"elementor-element elementor-element-e0add08 elementor-widget elementor-widget-text-editor\" data-id=\"e0add08\" data-element_type=\"widget\" data-e-type=\"widget\" data-widget_type=\"text-editor.default\">\n\t\t\t\t\t\t\t\t\t<ul><li><a href=\"https:\/\/drive.google.com\/drive\/folders\/1ci0E-ohkiBbZoXH_G-m7jb-75pzU0vfg?usp=sharing\" target=\"_blank\" rel=\"noopener\">ANEXOS RDC 2024<\/a><\/li><\/ul>\t\t\t\t\t\t\t\t<\/div>\n\t\t\t\t\t<\/div>\n\t\t\t\t<\/div>\n\t\t\t\t<\/div>\n\t\t\t\t\t<\/details>\n\t\t\t\t\t<\/div>\n\t\t\t\t\t\t<\/div>\n\t\t\t\t\t<\/div>\n\t\t\t\t<\/div>\n\t\t<div class=\"elementor-element elementor-element-dc48927 e-flex e-con-boxed e-con e-parent\" data-id=\"dc48927\" data-element_type=\"container\" data-e-type=\"container\">\n\t\t\t\t\t<div class=\"e-con-inner\">\n\t\t\t\t<div class=\"elementor-element elementor-element-ce4708f elementor-widget elementor-widget-video\" data-id=\"ce4708f\" data-element_type=\"widget\" data-e-type=\"widget\" data-settings=\"{&quot;youtube_url&quot;:&quot;https:\\\/\\\/www.youtube.com\\\/watch?v=2dcoIVLxeQg&quot;,&quot;video_type&quot;:&quot;youtube&quot;,&quot;controls&quot;:&quot;yes&quot;}\" data-widget_type=\"video.default\">\n\t\t\t\t\t\t\t<div class=\"elementor-wrapper elementor-open-inline\">\n\t\t\t<div class=\"elementor-video\"><\/div>\t\t<\/div>\n\t\t\t\t\t\t<\/div>\n\t\t\t\t\t<\/div>\n\t\t\t\t<\/div>\n\t\t\t\t<\/div>\n\t\t","protected":false},"excerpt":{"rendered":"<p>En cumplimiento del mandato constitucional contenido en el Art. 208, numeral 2 de la Constituci\u00f3n de la Rep\u00fablica, en relaci\u00f3n con el Art. 90 de la Ley Org\u00e1nica de Participaci\u00f3n Ciudadana; el Art. 60, letra y) y Art. 266 del C\u00f3digo Org\u00e1nico de Organizaci\u00f3n Territorial-COOTAD, es obligaci\u00f3n y compromiso de la Administraci\u00f3n\u00a0 del Gobierno Aut\u00f3nomo [&hellip;]<\/p>\n","protected":false},"author":1,"featured_media":0,"parent":0,"menu_order":0,"comment_status":"closed","ping_status":"closed","template":"","meta":{"_acf_changed":false,"_crdt_document":"","footnotes":""},"class_list":["post-10489","page","type-page","status-publish","hentry"],"acf":[],"_links":{"self":[{"href":"https:\/\/www.salcedo.gob.ec\/index.php?rest_route=\/wp\/v2\/pages\/10489","targetHints":{"allow":["GET"]}}],"collection":[{"href":"https:\/\/www.salcedo.gob.ec\/index.php?rest_route=\/wp\/v2\/pages"}],"about":[{"href":"https:\/\/www.salcedo.gob.ec\/index.php?rest_route=\/wp\/v2\/types\/page"}],"author":[{"embeddable":true,"href":"https:\/\/www.salcedo.gob.ec\/index.php?rest_route=\/wp\/v2\/users\/1"}],"replies":[{"embeddable":true,"href":"https:\/\/www.salcedo.gob.ec\/index.php?rest_route=%2Fwp%2Fv2%2Fcomments&post=10489"}],"version-history":[{"count":0,"href":"https:\/\/www.salcedo.gob.ec\/index.php?rest_route=\/wp\/v2\/pages\/10489\/revisions"}],"wp:attachment":[{"href":"https:\/\/www.salcedo.gob.ec\/index.php?rest_route=%2Fwp%2Fv2%2Fmedia&parent=10489"}],"curies":[{"name":"wp","href":"https:\/\/api.w.org\/{rel}","templated":true}]}}