{"id":2153,"date":"2017-04-19T23:18:07","date_gmt":"2017-04-19T23:18:07","guid":{"rendered":"http:\/\/gadsalcedo.cladian.net\/?page_id=2153"},"modified":"2023-11-15T09:15:42","modified_gmt":"2023-11-15T14:15:42","slug":"el-municipio","status":"publish","type":"page","link":"https:\/\/www.salcedo.gob.ec\/?page_id=2153","title":{"rendered":"El Municipio"},"content":{"rendered":"<h2>Base Legal<\/h2>\n<p>El GAD Salcedo, se rige en lo que prescribe los art\u00edculos 253 y 264 de la Constituci\u00f3n Pol\u00edtica de la Rep\u00fablica y el C\u00f3digo Org\u00e1nico de Organizaci\u00f3n Territorial, en su apartado 56, donde se establece su\u00a0autonom\u00eda administrativa, funcional, y econ\u00f3mica.<\/p>\n<h2><\/h2>\n<h2>Misi\u00f3n<\/h2>\n<p>El GAD Municipal del Cant\u00f3n Salcedo, es responsable de impulsar el buen vivir, a trav\u00e9s del desarrollo territorial, econ\u00f3mico, sociocultural y ambiental del cant\u00f3n; a fin de que, Salcedo sea un espacio de equidad y participaci\u00f3n en armon\u00eda con su cultura y con su naturaleza.<\/p>\n<h2><\/h2>\n<h2>Visi\u00f3n<\/h2>\n<p>El GAD Municipal de Salcedo fortalece su sistema de gesti\u00f3n organizacional, a fin de que \u00e9ste sea art\u00edfice del desarrollo cantonal, de la participaci\u00f3n ciudadana y del uso sostenible y sustentable de sus recursos.<\/p>\n<p>&nbsp;<\/p>\n<p>&nbsp;<\/p>\n","protected":false},"excerpt":{"rendered":"<p>Base Legal El GAD Salcedo, se rige en lo que prescribe los art\u00edculos 253 y 264 de la Constituci\u00f3n Pol\u00edtica de la Rep\u00fablica y el C\u00f3digo Org\u00e1nico de Organizaci\u00f3n Territorial, en su apartado 56, donde se establece su\u00a0autonom\u00eda administrativa, funcional, y econ\u00f3mica. Misi\u00f3n El GAD Municipal del Cant\u00f3n Salcedo, es responsable de impulsar el buen [&hellip;]<\/p>\n","protected":false},"author":1,"featured_media":8216,"parent":0,"menu_order":0,"comment_status":"closed","ping_status":"closed","template":"","meta":{"_acf_changed":false,"_crdt_document":"","footnotes":""},"class_list":["post-2153","page","type-page","status-publish","has-post-thumbnail","hentry"],"acf":[],"_links":{"self":[{"href":"https:\/\/www.salcedo.gob.ec\/index.php?rest_route=\/wp\/v2\/pages\/2153","targetHints":{"allow":["GET"]}}],"collection":[{"href":"https:\/\/www.salcedo.gob.ec\/index.php?rest_route=\/wp\/v2\/pages"}],"about":[{"href":"https:\/\/www.salcedo.gob.ec\/index.php?rest_route=\/wp\/v2\/types\/page"}],"author":[{"embeddable":true,"href":"https:\/\/www.salcedo.gob.ec\/index.php?rest_route=\/wp\/v2\/users\/1"}],"replies":[{"embeddable":true,"href":"https:\/\/www.salcedo.gob.ec\/index.php?rest_route=%2Fwp%2Fv2%2Fcomments&post=2153"}],"version-history":[{"count":0,"href":"https:\/\/www.salcedo.gob.ec\/index.php?rest_route=\/wp\/v2\/pages\/2153\/revisions"}],"wp:featuredmedia":[{"embeddable":true,"href":"https:\/\/www.salcedo.gob.ec\/index.php?rest_route=\/wp\/v2\/media\/8216"}],"wp:attachment":[{"href":"https:\/\/www.salcedo.gob.ec\/index.php?rest_route=%2Fwp%2Fv2%2Fmedia&parent=2153"}],"curies":[{"name":"wp","href":"https:\/\/api.w.org\/{rel}","templated":true}]}}