{"id":4053,"date":"2019-10-15T03:06:12","date_gmt":"2019-10-15T03:06:12","guid":{"rendered":"https:\/\/www.salcedo.gob.ec\/?page_id=4053"},"modified":"2024-01-26T17:16:35","modified_gmt":"2024-01-26T22:16:35","slug":"transparencia-2019","status":"publish","type":"page","link":"https:\/\/www.salcedo.gob.ec\/?page_id=4053","title":{"rendered":"Transparencia 2019"},"content":{"rendered":"<p>[vc_row][vc_column][vc_column_text]<\/p>\n<div id=\"pl-1018\" class=\"panel-layout\">\n<div id=\"pg-1018-0\" class=\"panel-grid panel-no-style\">\n<div id=\"pgc-1018-0-0\" class=\"panel-grid-cell\" data-weight=\"1\">\n<div id=\"panel-1018-0-0-0\" class=\"so-panel widget widget_sow-editor panel-first-child\" data-index=\"0\" data-style=\"{&quot;background_display&quot;:&quot;tile&quot;}\">\n<div class=\"so-widget-sow-editor so-widget-sow-editor-base\">La Ley Org\u00e1nica de Transparencia y Acceso a la Informaci\u00f3n P\u00fablica <em>(LOTAIP)<\/em> plantea la participaci\u00f3n ciudadana y el derecho de acceso a la informaci\u00f3n relacionada con asuntos p\u00fablicos, para ejercer un efectivo control y exigir la rendici\u00f3n de cuentas a las instituciones gubernamentales o aquellas que perciben recursos estatales.<\/div>\n<\/div>\n<\/div>\n<\/div>\n<\/div>\n<p>[\/vc_column_text][\/vc_column][\/vc_row][vc_row][vc_column][vc_tta_accordion style=\u00bbmodern\u00bb shape=\u00bbsquare\u00bb spacing=\u00bb20&#8243; c_icon=\u00bbtriangle\u00bb active_section=\u00bb100&#8243; no_fill=\u00bbtrue\u00bb collapsible_all=\u00bbtrue\u00bb][vc_tta_section i_icon_fontawesome=\u00bbfa fa-calendar\u00bb add_icon=\u00bbtrue\u00bb title=\u00bbDiciembre\u00bb tab_id=\u00bbdiciembre\u00bb][vc_row_inner][vc_column_inner][vc_column_text]<div class=\"sdm_download_item \"><div class=\"sdm_download_item_top\"><div class=\"sdm_download_thumbnail\"><\/div><div class=\"sdm_download_title\">a1) Organigrama de la Instituci\u00f3n<\/div><\/div><div style=\"clear:both;\"><\/div><div class=\"sdm_download_description\"><\/div><div class=\"sdm_download_link\"><span class=\"sdm_download_button\"><a href=\"https:\/\/www.salcedo.gob.ec\/?sdm_process_download=1&download_id=4118\" class=\"sdm_download green\" title=\"a1) Organigrama de la Instituci\u00f3n\" target=\"_blank\">\u00a1Descarga ahora!<\/a><\/span><span class=\"sdm_download_item_count\"><span class=\"sdm_item_count_number\">997<\/span><span class=\"sdm_item_count_string\"> Descargas<\/span><\/span><\/div><\/div><div class=\"sdm_clear_float\"><\/div>[\/vc_column_text][\/vc_column_inner][vc_column_inner][vc_column_text]<div class=\"sdm_download_item \"><div class=\"sdm_download_item_top\"><div class=\"sdm_download_thumbnail\"><\/div><div class=\"sdm_download_title\">a2) Base legal que rige a la Instituci\u00f3n<\/div><\/div><div style=\"clear:both;\"><\/div><div class=\"sdm_download_description\"><\/div><div class=\"sdm_download_link\"><span class=\"sdm_download_button\"><a href=\"https:\/\/www.salcedo.gob.ec\/?sdm_process_download=1&download_id=4119\" class=\"sdm_download green\" title=\"a2) Base legal que rige a la Instituci\u00f3n\" target=\"_blank\">\u00a1Descarga ahora!<\/a><\/span><span class=\"sdm_download_item_count\"><span class=\"sdm_item_count_number\">969<\/span><span class=\"sdm_item_count_string\"> Descargas<\/span><\/span><\/div><\/div><div class=\"sdm_clear_float\"><\/div>[\/vc_column_text][\/vc_column_inner][vc_column_inner][vc_column_text]<div class=\"sdm_download_item \"><div class=\"sdm_download_item_top\"><div class=\"sdm_download_thumbnail\"><\/div><div class=\"sdm_download_title\">a3) Regulaciones y procedimientos internos<\/div><\/div><div style=\"clear:both;\"><\/div><div class=\"sdm_download_description\"><\/div><div class=\"sdm_download_link\"><span class=\"sdm_download_button\"><a href=\"https:\/\/www.salcedo.gob.ec\/?sdm_process_download=1&download_id=4120\" class=\"sdm_download green\" title=\"a3) Regulaciones y procedimientos internos\" target=\"_blank\">\u00a1Descarga ahora!<\/a><\/span><span class=\"sdm_download_item_count\"><span class=\"sdm_item_count_number\">775<\/span><span class=\"sdm_item_count_string\"> Descargas<\/span><\/span><\/div><\/div><div class=\"sdm_clear_float\"><\/div>[\/vc_column_text][vc_column_text]<div class=\"sdm_download_item \"><div class=\"sdm_download_item_top\"><div class=\"sdm_download_thumbnail\"><\/div><div class=\"sdm_download_title\">a4) Metas y objetivos unidades administrativas<\/div><\/div><div style=\"clear:both;\"><\/div><div class=\"sdm_download_description\"><\/div><div class=\"sdm_download_link\"><span class=\"sdm_download_button\"><a href=\"https:\/\/www.salcedo.gob.ec\/?sdm_process_download=1&download_id=4122\" class=\"sdm_download green\" title=\"a4) Metas y objetivos unidades administrativas\" target=\"_blank\">\u00a1Descarga ahora!<\/a><\/span><span class=\"sdm_download_item_count\"><span class=\"sdm_item_count_number\">919<\/span><span class=\"sdm_item_count_string\"> Descargas<\/span><\/span><\/div><\/div><div class=\"sdm_clear_float\"><\/div>[\/vc_column_text][vc_column_text]<div class=\"sdm_download_item \"><div class=\"sdm_download_item_top\"><div class=\"sdm_download_thumbnail\"><\/div><div class=\"sdm_download_title\">b1) Directorio de la Instituci\u00f3n<\/div><\/div><div style=\"clear:both;\"><\/div><div class=\"sdm_download_description\"><\/div><div class=\"sdm_download_link\"><span class=\"sdm_download_button\"><a href=\"https:\/\/www.salcedo.gob.ec\/?sdm_process_download=1&download_id=4128\" class=\"sdm_download green\" title=\"b1) Directorio de la Instituci\u00f3n\" target=\"_blank\">\u00a1Descarga ahora!<\/a><\/span><span class=\"sdm_download_item_count\"><span class=\"sdm_item_count_number\">863<\/span><span class=\"sdm_item_count_string\"> Descargas<\/span><\/span><\/div><\/div><div class=\"sdm_clear_float\"><\/div>[\/vc_column_text][vc_column_text]<div class=\"sdm_download_item \"><div class=\"sdm_download_item_top\"><div class=\"sdm_download_thumbnail\"><\/div><div class=\"sdm_download_title\">b2) Distributivo del Personal<\/div><\/div><div style=\"clear:both;\"><\/div><div class=\"sdm_download_description\"><\/div><div class=\"sdm_download_link\"><span class=\"sdm_download_button\"><a href=\"https:\/\/www.salcedo.gob.ec\/?sdm_process_download=1&download_id=4129\" class=\"sdm_download green\" title=\"b2) Distributivo del Personal\" target=\"_blank\">\u00a1Descarga ahora!<\/a><\/span><span class=\"sdm_download_item_count\"><span class=\"sdm_item_count_number\">966<\/span><span class=\"sdm_item_count_string\"> Descargas<\/span><\/span><\/div><\/div><div class=\"sdm_clear_float\"><\/div>[\/vc_column_text][vc_column_text]<div class=\"sdm_download_item \"><div class=\"sdm_download_item_top\"><div class=\"sdm_download_thumbnail\"><\/div><div class=\"sdm_download_title\">c) Remuneraci\u00f3n mensual por puesto<\/div><\/div><div style=\"clear:both;\"><\/div><div class=\"sdm_download_description\"><\/div><div class=\"sdm_download_link\"><span class=\"sdm_download_button\"><a href=\"https:\/\/www.salcedo.gob.ec\/?sdm_process_download=1&download_id=4130\" class=\"sdm_download green\" title=\"c) Remuneraci\u00f3n mensual por puesto\" target=\"_blank\">\u00a1Descarga ahora!<\/a><\/span><span class=\"sdm_download_item_count\"><span class=\"sdm_item_count_number\">979<\/span><span class=\"sdm_item_count_string\"> Descargas<\/span><\/span><\/div><\/div><div class=\"sdm_clear_float\"><\/div>[\/vc_column_text][vc_column_text]<div class=\"sdm_download_item \"><div class=\"sdm_download_item_top\"><div class=\"sdm_download_thumbnail\"><\/div><div class=\"sdm_download_title\">d) Servicios que ofrece y la forma de acceder a ellos<\/div><\/div><div style=\"clear:both;\"><\/div><div class=\"sdm_download_description\"><\/div><div class=\"sdm_download_link\"><span class=\"sdm_download_button\"><a href=\"https:\/\/www.salcedo.gob.ec\/?sdm_process_download=1&download_id=4141\" class=\"sdm_download green\" title=\"d) Servicios que ofrece y la forma de acceder a ellos\" target=\"_blank\">\u00a1Descarga ahora!<\/a><\/span><span class=\"sdm_download_item_count\"><span class=\"sdm_item_count_number\">930<\/span><span class=\"sdm_item_count_string\"> Descargas<\/span><\/span><\/div><\/div><div class=\"sdm_clear_float\"><\/div>[\/vc_column_text][vc_column_text]<div class=\"sdm_download_item \"><div class=\"sdm_download_item_top\"><div class=\"sdm_download_thumbnail\"><\/div><div class=\"sdm_download_title\">e) Texto \u00edntegro de contratos colectivos vigentes<\/div><\/div><div style=\"clear:both;\"><\/div><div class=\"sdm_download_description\"><\/div><div class=\"sdm_download_link\"><span class=\"sdm_download_button\"><a href=\"https:\/\/www.salcedo.gob.ec\/?sdm_process_download=1&download_id=4124\" class=\"sdm_download green\" title=\"e) Texto \u00edntegro de contratos colectivos vigentes\" target=\"_blank\">\u00a1Descarga ahora!<\/a><\/span><span class=\"sdm_download_item_count\"><span class=\"sdm_item_count_number\">756<\/span><span class=\"sdm_item_count_string\"> Descargas<\/span><\/span><\/div><\/div><div class=\"sdm_clear_float\"><\/div>[\/vc_column_text][vc_column_text]<div class=\"sdm_download_item \"><div class=\"sdm_download_item_top\"><div class=\"sdm_download_thumbnail\"><\/div><div class=\"sdm_download_title\">f1) Formularios o formatos de solicitudes<\/div><\/div><div style=\"clear:both;\"><\/div><div class=\"sdm_download_description\"><\/div><div class=\"sdm_download_link\"><span class=\"sdm_download_button\"><a href=\"https:\/\/www.salcedo.gob.ec\/?sdm_process_download=1&download_id=4142\" class=\"sdm_download green\" title=\"f1) Formularios o formatos de solicitudes\" target=\"_blank\">\u00a1Descarga ahora!<\/a><\/span><span class=\"sdm_download_item_count\"><span class=\"sdm_item_count_number\">994<\/span><span class=\"sdm_item_count_string\"> Descargas<\/span><\/span><\/div><\/div><div class=\"sdm_clear_float\"><\/div>[\/vc_column_text][vc_column_text]<div class=\"sdm_download_item \"><div class=\"sdm_download_item_top\"><div class=\"sdm_download_thumbnail\"><\/div><div class=\"sdm_download_title\">f2) Formulario solicitud acceso a la informaci\u00f3n p\u00fablica<\/div><\/div><div style=\"clear:both;\"><\/div><div class=\"sdm_download_description\"><\/div><div class=\"sdm_download_link\"><span class=\"sdm_download_button\"><a href=\"https:\/\/www.salcedo.gob.ec\/?sdm_process_download=1&download_id=4125\" class=\"sdm_download green\" title=\"f2) Formulario solicitud acceso a la informaci\u00f3n p\u00fablica\" target=\"_blank\">\u00a1Descarga ahora!<\/a><\/span><span class=\"sdm_download_item_count\"><span class=\"sdm_item_count_number\">725<\/span><span class=\"sdm_item_count_string\"> Descargas<\/span><\/span><\/div><\/div><div class=\"sdm_clear_float\"><\/div>[\/vc_column_text][vc_column_text]<div class=\"sdm_download_item \"><div class=\"sdm_download_item_top\"><div class=\"sdm_download_thumbnail\"><\/div><div class=\"sdm_download_title\">g) Presupuesto de la Instituci\u00f3n<\/div><\/div><div style=\"clear:both;\"><\/div><div class=\"sdm_download_description\"><\/div><div class=\"sdm_download_link\"><span class=\"sdm_download_button\"><a href=\"https:\/\/www.salcedo.gob.ec\/?sdm_process_download=1&download_id=4126\" class=\"sdm_download green\" title=\"g) Presupuesto de la Instituci\u00f3n\" target=\"_blank\">\u00a1Descarga ahora!<\/a><\/span><span class=\"sdm_download_item_count\"><span class=\"sdm_item_count_number\">981<\/span><span class=\"sdm_item_count_string\"> Descargas<\/span><\/span><\/div><\/div><div class=\"sdm_clear_float\"><\/div>[\/vc_column_text][vc_column_text]<div class=\"sdm_download_item \"><div class=\"sdm_download_item_top\"><div class=\"sdm_download_thumbnail\"><\/div><div class=\"sdm_download_title\">h) Resultados de auditor\u00edas internas y gubernamentales<\/div><\/div><div style=\"clear:both;\"><\/div><div class=\"sdm_download_description\"><\/div><div class=\"sdm_download_link\"><span class=\"sdm_download_button\"><a href=\"https:\/\/www.salcedo.gob.ec\/?sdm_process_download=1&download_id=4131\" class=\"sdm_download green\" title=\"h) Resultados de auditor\u00edas internas y gubernamentales\" target=\"_blank\">\u00a1Descarga ahora!<\/a><\/span><span class=\"sdm_download_item_count\"><span class=\"sdm_item_count_number\">869<\/span><span class=\"sdm_item_count_string\"> Descargas<\/span><\/span><\/div><\/div><div class=\"sdm_clear_float\"><\/div>[\/vc_column_text][vc_column_text]<div class=\"sdm_download_item \"><div class=\"sdm_download_item_top\"><div class=\"sdm_download_thumbnail\"><\/div><div class=\"sdm_download_title\">i) Procesos de contrataciones<\/div><\/div><div style=\"clear:both;\"><\/div><div class=\"sdm_download_description\"><\/div><div class=\"sdm_download_link\"><span class=\"sdm_download_button\"><a href=\"https:\/\/www.salcedo.gob.ec\/?sdm_process_download=1&download_id=4140\" class=\"sdm_download green\" title=\"i) Procesos de contrataciones\" target=\"_blank\">\u00a1Descarga ahora!<\/a><\/span><span class=\"sdm_download_item_count\"><span class=\"sdm_item_count_number\">944<\/span><span class=\"sdm_item_count_string\"> Descargas<\/span><\/span><\/div><\/div><div class=\"sdm_clear_float\"><\/div>[\/vc_column_text][vc_column_text]<div class=\"sdm_download_item \"><div class=\"sdm_download_item_top\"><div class=\"sdm_download_thumbnail\"><\/div><div class=\"sdm_download_title\">j) Empresas y personas que han incumplido contratos<\/div><\/div><div style=\"clear:both;\"><\/div><div class=\"sdm_download_description\"><\/div><div class=\"sdm_download_link\"><span class=\"sdm_download_button\"><a href=\"https:\/\/www.salcedo.gob.ec\/?sdm_process_download=1&download_id=4132\" class=\"sdm_download green\" title=\"j) Empresas y personas que han incumplido contratos\" target=\"_blank\">\u00a1Descarga ahora!<\/a><\/span><span class=\"sdm_download_item_count\"><span class=\"sdm_item_count_number\">767<\/span><span class=\"sdm_item_count_string\"> Descargas<\/span><\/span><\/div><\/div><div class=\"sdm_clear_float\"><\/div>[\/vc_column_text][vc_column_text]<div class=\"sdm_download_item \"><div class=\"sdm_download_item_top\"><div class=\"sdm_download_thumbnail\"><\/div><div class=\"sdm_download_title\">k) Planes y programas en ejecuci\u00f3n<\/div><\/div><div style=\"clear:both;\"><\/div><div class=\"sdm_download_description\"><\/div><div class=\"sdm_download_link\"><span class=\"sdm_download_button\"><a href=\"https:\/\/www.salcedo.gob.ec\/?sdm_process_download=1&download_id=4133\" class=\"sdm_download green\" title=\"k) Planes y programas en ejecuci\u00f3n\" target=\"_blank\">\u00a1Descarga ahora!<\/a><\/span><span class=\"sdm_download_item_count\"><span class=\"sdm_item_count_number\">963<\/span><span class=\"sdm_item_count_string\"> Descargas<\/span><\/span><\/div><\/div><div class=\"sdm_clear_float\"><\/div>[\/vc_column_text][vc_column_text]<div class=\"sdm_download_item \"><div class=\"sdm_download_item_top\"><div class=\"sdm_download_thumbnail\"><\/div><div class=\"sdm_download_title\">l) Contratos de cr\u00e9dito externos o internos<\/div><\/div><div style=\"clear:both;\"><\/div><div class=\"sdm_download_description\"><\/div><div class=\"sdm_download_link\"><span class=\"sdm_download_button\"><a href=\"https:\/\/www.salcedo.gob.ec\/?sdm_process_download=1&download_id=4134\" class=\"sdm_download green\" title=\"l) Contratos de cr\u00e9dito externos o internos\" target=\"_blank\">\u00a1Descarga ahora!<\/a><\/span><span class=\"sdm_download_item_count\"><span class=\"sdm_item_count_number\">929<\/span><span class=\"sdm_item_count_string\"> Descargas<\/span><\/span><\/div><\/div><div class=\"sdm_clear_float\"><\/div>[\/vc_column_text][vc_column_text]<div class=\"sdm_download_item \"><div class=\"sdm_download_item_top\"><div class=\"sdm_download_thumbnail\"><\/div><div class=\"sdm_download_title\">m) Mecanismos de rendici\u00f3n de cuentas a la ciudadan\u00eda<\/div><\/div><div style=\"clear:both;\"><\/div><div class=\"sdm_download_description\"><\/div><div class=\"sdm_download_link\"><span class=\"sdm_download_button\"><a href=\"https:\/\/www.salcedo.gob.ec\/?sdm_process_download=1&download_id=4136\" class=\"sdm_download green\" title=\"m) Mecanismos de rendici\u00f3n de cuentas a la ciudadan\u00eda\" target=\"_blank\">\u00a1Descarga ahora!<\/a><\/span><span class=\"sdm_download_item_count\"><span class=\"sdm_item_count_number\">915<\/span><span class=\"sdm_item_count_string\"> Descargas<\/span><\/span><\/div><\/div><div class=\"sdm_clear_float\"><\/div>[\/vc_column_text][vc_column_text]<div class=\"sdm_download_item \"><div class=\"sdm_download_item_top\"><div class=\"sdm_download_thumbnail\"><\/div><div class=\"sdm_download_title\">n) Vi\u00e1ticos, informes de trabajo y justificativos<\/div><\/div><div style=\"clear:both;\"><\/div><div class=\"sdm_download_description\"><\/div><div class=\"sdm_download_link\"><span class=\"sdm_download_button\"><a href=\"https:\/\/www.salcedo.gob.ec\/?sdm_process_download=1&download_id=4137\" class=\"sdm_download green\" title=\"n) Vi\u00e1ticos, informes de trabajo y justificativos\" target=\"_blank\">\u00a1Descarga ahora!<\/a><\/span><span class=\"sdm_download_item_count\"><span class=\"sdm_item_count_number\">900<\/span><span class=\"sdm_item_count_string\"> Descargas<\/span><\/span><\/div><\/div><div class=\"sdm_clear_float\"><\/div>[\/vc_column_text][vc_column_text]<div class=\"sdm_download_item \"><div class=\"sdm_download_item_top\"><div class=\"sdm_download_thumbnail\"><\/div><div class=\"sdm_download_title\">o) Responsable de atender la informaci\u00f3n p\u00fablica<\/div><\/div><div style=\"clear:both;\"><\/div><div class=\"sdm_download_description\"><\/div><div class=\"sdm_download_link\"><span class=\"sdm_download_button\"><a href=\"https:\/\/www.salcedo.gob.ec\/?sdm_process_download=1&download_id=4138\" class=\"sdm_download green\" title=\"o) Responsable de atender la informaci\u00f3n p\u00fablica\" target=\"_blank\">\u00a1Descarga ahora!<\/a><\/span><span class=\"sdm_download_item_count\"><span class=\"sdm_item_count_number\">888<\/span><span class=\"sdm_item_count_string\"> Descargas<\/span><\/span><\/div><\/div><div class=\"sdm_clear_float\"><\/div>[\/vc_column_text][vc_column_text]<div class=\"sdm_download_item \"><div class=\"sdm_download_item_top\"><div class=\"sdm_download_thumbnail\"><\/div><div class=\"sdm_download_title\">s) Publicaci\u00f3n de las resoluciones, actas de las sesiones de los cuerpos colegiados, as\u00ed como los planes de desarrollo local<\/div><\/div><div style=\"clear:both;\"><\/div><div class=\"sdm_download_description\"><\/div><div class=\"sdm_download_link\"><span class=\"sdm_download_button\"><a href=\"https:\/\/www.salcedo.gob.ec\/?sdm_process_download=1&download_id=4139\" class=\"sdm_download green\" title=\"s) Publicaci\u00f3n de las resoluciones, actas de las sesiones de los cuerpos colegiados, as\u00ed como los planes de desarrollo local\" target=\"_blank\">\u00a1Descarga ahora!<\/a><\/span><span class=\"sdm_download_item_count\"><span class=\"sdm_item_count_number\">930<\/span><span class=\"sdm_item_count_string\"> Descargas<\/span><\/span><\/div><\/div><div class=\"sdm_clear_float\"><\/div>[\/vc_column_text][\/vc_column_inner][\/vc_row_inner][\/vc_tta_section][\/vc_tta_accordion][\/vc_column][\/vc_row]<\/p>\n","protected":false},"excerpt":{"rendered":"<p>[vc_row][vc_column][vc_column_text] La Ley Org\u00e1nica de Transparencia y Acceso a la Informaci\u00f3n P\u00fablica (LOTAIP) plantea la participaci\u00f3n ciudadana y el derecho de acceso a la informaci\u00f3n relacionada con asuntos p\u00fablicos, para ejercer un efectivo control y exigir la rendici\u00f3n de cuentas a las instituciones gubernamentales o aquellas que perciben recursos estatales. [\/vc_column_text][\/vc_column][\/vc_row][vc_row][vc_column][vc_tta_accordion style=\u00bbmodern\u00bb shape=\u00bbsquare\u00bb spacing=\u00bb20&#8243; c_icon=\u00bbtriangle\u00bb [&hellip;]<\/p>\n","protected":false},"author":1,"featured_media":0,"parent":0,"menu_order":0,"comment_status":"closed","ping_status":"closed","template":"","meta":{"_acf_changed":false,"_crdt_document":"","footnotes":""},"class_list":["post-4053","page","type-page","status-publish","hentry"],"acf":[],"_links":{"self":[{"href":"https:\/\/www.salcedo.gob.ec\/index.php?rest_route=\/wp\/v2\/pages\/4053","targetHints":{"allow":["GET"]}}],"collection":[{"href":"https:\/\/www.salcedo.gob.ec\/index.php?rest_route=\/wp\/v2\/pages"}],"about":[{"href":"https:\/\/www.salcedo.gob.ec\/index.php?rest_route=\/wp\/v2\/types\/page"}],"author":[{"embeddable":true,"href":"https:\/\/www.salcedo.gob.ec\/index.php?rest_route=\/wp\/v2\/users\/1"}],"replies":[{"embeddable":true,"href":"https:\/\/www.salcedo.gob.ec\/index.php?rest_route=%2Fwp%2Fv2%2Fcomments&post=4053"}],"version-history":[{"count":0,"href":"https:\/\/www.salcedo.gob.ec\/index.php?rest_route=\/wp\/v2\/pages\/4053\/revisions"}],"wp:attachment":[{"href":"https:\/\/www.salcedo.gob.ec\/index.php?rest_route=%2Fwp%2Fv2%2Fmedia&parent=4053"}],"curies":[{"name":"wp","href":"https:\/\/api.w.org\/{rel}","templated":true}]}}