{"id":9444,"date":"2024-06-24T14:53:54","date_gmt":"2024-06-24T19:53:54","guid":{"rendered":"https:\/\/www.salcedo.gob.ec\/?page_id=9444"},"modified":"2024-06-25T11:05:52","modified_gmt":"2024-06-25T16:05:52","slug":"poa-2023","status":"publish","type":"page","link":"https:\/\/www.salcedo.gob.ec\/?page_id=9444","title":{"rendered":"POA 2023"},"content":{"rendered":"\t\t<div data-elementor-type=\"wp-page\" data-elementor-id=\"9444\" class=\"elementor elementor-9444\" data-elementor-post-type=\"page\">\n\t\t\t\t<div class=\"elementor-element elementor-element-5e1a7df e-flex e-con-boxed e-con e-parent\" data-id=\"5e1a7df\" data-element_type=\"container\" data-e-type=\"container\">\n\t\t\t\t\t<div class=\"e-con-inner\">\n\t\t\t\t<div class=\"elementor-element elementor-element-7e9ac8d elementor-widget elementor-widget-image\" data-id=\"7e9ac8d\" data-element_type=\"widget\" data-e-type=\"widget\" data-widget_type=\"image.default\">\n\t\t\t\t\t\t\t\t\t\t\t\t\t\t\t<img fetchpriority=\"high\" decoding=\"async\" width=\"800\" height=\"277\" src=\"https:\/\/www.salcedo.gob.ec\/wp-content\/uploads\/2024\/06\/Rendicion-de-cuentas-2023-1024x354.png\" class=\"attachment-large size-large wp-image-9416\" alt=\"\" srcset=\"https:\/\/www.salcedo.gob.ec\/wp-content\/uploads\/2024\/06\/Rendicion-de-cuentas-2023-1024x354.png 1024w, https:\/\/www.salcedo.gob.ec\/wp-content\/uploads\/2024\/06\/Rendicion-de-cuentas-2023-300x104.png 300w, https:\/\/www.salcedo.gob.ec\/wp-content\/uploads\/2024\/06\/Rendicion-de-cuentas-2023-768x266.png 768w, https:\/\/www.salcedo.gob.ec\/wp-content\/uploads\/2024\/06\/Rendicion-de-cuentas-2023-1536x531.png 1536w, https:\/\/www.salcedo.gob.ec\/wp-content\/uploads\/2024\/06\/Rendicion-de-cuentas-2023-320x111.png 320w, https:\/\/www.salcedo.gob.ec\/wp-content\/uploads\/2024\/06\/Rendicion-de-cuentas-2023-480x166.png 480w, https:\/\/www.salcedo.gob.ec\/wp-content\/uploads\/2024\/06\/Rendicion-de-cuentas-2023-800x277.png 800w, https:\/\/www.salcedo.gob.ec\/wp-content\/uploads\/2024\/06\/Rendicion-de-cuentas-2023.png 1656w\" sizes=\"(max-width: 800px) 100vw, 800px\" \/>\t\t\t\t\t\t\t\t\t\t\t\t\t\t\t<\/div>\n\t\t\t\t\t<\/div>\n\t\t\t\t<\/div>\n\t\t<div class=\"elementor-element elementor-element-988c75f e-flex e-con-boxed e-con e-parent\" data-id=\"988c75f\" data-element_type=\"container\" data-e-type=\"container\">\n\t\t\t\t\t<div class=\"e-con-inner\">\n\t\t\t\t<div class=\"elementor-element elementor-element-97d4a0e elementor-widget elementor-widget-n-accordion\" data-id=\"97d4a0e\" data-element_type=\"widget\" data-e-type=\"widget\" data-settings=\"{&quot;default_state&quot;:&quot;expanded&quot;,&quot;max_items_expended&quot;:&quot;one&quot;,&quot;n_accordion_animation_duration&quot;:{&quot;unit&quot;:&quot;ms&quot;,&quot;size&quot;:400,&quot;sizes&quot;:[]}}\" data-widget_type=\"nested-accordion.default\">\n\t\t\t\t\t\t\t<div class=\"e-n-accordion\" aria-label=\"Accordion. Open links with Enter or Space, close with Escape, and navigate with Arrow Keys\">\n\t\t\t\t\t\t<details id=\"e-n-accordion-item-1590\" class=\"e-n-accordion-item\" open>\n\t\t\t\t<summary class=\"e-n-accordion-item-title\" data-accordion-index=\"1\" tabindex=\"0\" aria-expanded=\"true\" aria-controls=\"e-n-accordion-item-1590\" >\n\t\t\t\t\t<span class='e-n-accordion-item-title-header'><div class=\"e-n-accordion-item-title-text\"> PLAN OPERATIVO LEGALIZADO <\/div><\/span>\n\t\t\t\t\t\t\t<span class='e-n-accordion-item-title-icon'>\n\t\t\t<span class='e-opened' ><svg aria-hidden=\"true\" class=\"e-font-icon-svg e-fas-minus\" viewBox=\"0 0 448 512\" xmlns=\"http:\/\/www.w3.org\/2000\/svg\"><path d=\"M416 208H32c-17.67 0-32 14.33-32 32v32c0 17.67 14.33 32 32 32h384c17.67 0 32-14.33 32-32v-32c0-17.67-14.33-32-32-32z\"><\/path><\/svg><\/span>\n\t\t\t<span class='e-closed'><svg aria-hidden=\"true\" class=\"e-font-icon-svg e-fas-plus\" viewBox=\"0 0 448 512\" xmlns=\"http:\/\/www.w3.org\/2000\/svg\"><path d=\"M416 208H272V64c0-17.67-14.33-32-32-32h-32c-17.67 0-32 14.33-32 32v144H32c-17.67 0-32 14.33-32 32v32c0 17.67 14.33 32 32 32h144v144c0 17.67 14.33 32 32 32h32c17.67 0 32-14.33 32-32V304h144c17.67 0 32-14.33 32-32v-32c0-17.67-14.33-32-32-32z\"><\/path><\/svg><\/span>\n\t\t<\/span>\n\n\t\t\t\t\t\t<\/summary>\n\t\t\t\t<div role=\"region\" aria-labelledby=\"e-n-accordion-item-1590\" class=\"elementor-element elementor-element-7d76f69 e-con-full e-flex e-con e-child\" data-id=\"7d76f69\" data-element_type=\"container\" data-e-type=\"container\">\n\t\t<div role=\"region\" aria-labelledby=\"e-n-accordion-item-1590\" class=\"elementor-element elementor-element-52c4752 e-flex e-con-boxed e-con e-child\" data-id=\"52c4752\" data-element_type=\"container\" data-e-type=\"container\">\n\t\t\t\t\t<div class=\"e-con-inner\">\n\t\t\t\t<div class=\"elementor-element elementor-element-a48f7e1 elementor-widget elementor-widget-text-editor\" data-id=\"a48f7e1\" data-element_type=\"widget\" data-e-type=\"widget\" data-widget_type=\"text-editor.default\">\n\t\t\t\t\t\t\t\t\t<ul><li><a href=\"https:\/\/drive.google.com\/file\/d\/1cwgN-CRg4ePmBg6HeqJg8HYta_BGwUKA\/view?usp=sharing\" target=\"_blank\" rel=\"noopener\">Concejo Municipal<\/a><\/li><li><a href=\"https:\/\/drive.google.com\/file\/d\/1Xr2XgogM6bcJXIp2DwFJaojVVr8DRiDK\/view?usp=sharing\" target=\"_blank\" rel=\"noopener\">Alcald\u00eda<\/a><\/li><li><a href=\"https:\/\/drive.google.com\/file\/d\/10PC5IQWhKHUGcrje1By5NCWp1H-AdlDc\/view?usp=sharing\" target=\"_blank\" rel=\"noopener\">Procuradur\u00eda S\u00edndica<\/a><\/li><li><a href=\"https:\/\/drive.google.com\/file\/d\/16szdGRsQHxoD6YBRFZwI4gppJHBQI0-e\/view?usp=sharing\" target=\"_blank\" rel=\"noopener\">Comunicaci\u00f3n Institucional<\/a><\/li><li><a href=\"https:\/\/drive.google.com\/file\/d\/11QgSn4KTWIp1VBuJRMBYNoE3ScoaPX59\/view?usp=sharing\" target=\"_blank\" rel=\"noopener\">Fiscalizaci\u00f3n y Supervisi\u00f3n<\/a><\/li><li><a href=\"https:\/\/drive.google.com\/file\/d\/1UuJTTvlq1IY-DWwCpRjSwpNWarAk0QZc\/view?usp=sharing\" target=\"_blank\" rel=\"noopener\">Seguridad y Salud en el Trabajo<\/a><\/li><li><a href=\"https:\/\/drive.google.com\/file\/d\/1QZGeFmcf4rl7peAvowBcRGIuOws4D4F-\/view?usp=sharing\" target=\"_blank\" rel=\"noopener\">Direcci\u00f3n Administrativa<\/a><\/li><li><a href=\"https:\/\/drive.google.com\/file\/d\/1Zj5vflVusOgxK_eyKoqGZK-2HRXVUmfp\/view?usp=sharing\" target=\"_blank\" rel=\"noopener\">Anexo Direcci\u00f3n Administrativa<\/a><\/li><li><a href=\"https:\/\/drive.google.com\/file\/d\/1rSeMHurkWQHKXWPESSBOBW6h5mi8HP-H\/view?usp=sharing\" target=\"_blank\" rel=\"noopener\">Direcci\u00f3n Financiera<\/a><\/li><li><a href=\"https:\/\/drive.google.com\/file\/d\/1HruC8aQNPD-O3okLcM2Z0De8ZFmumdJV\/view?usp=sharing\" target=\"_blank\" rel=\"noopener\">Direcci\u00f3n de Catastros y Aval\u00faos<\/a><\/li><li><a href=\"https:\/\/drive.google.com\/file\/d\/1iS7wbNtbyyCCLCX4yLganv3abdiPvnhn\/view?usp=sharing\" target=\"_blank\" rel=\"noopener\">Direcci\u00f3n Planificaci\u00f3n del Desarrollo<\/a><\/li><li><a href=\"https:\/\/drive.google.com\/file\/d\/19vb4U8PskqiEsQe_FithqdRaxcl-PFNX\/view?usp=sharing\" target=\"_blank\" rel=\"noopener\">Direcci\u00f3n de Desarrollo Social, Econ\u00f3mico, Cultura y Turismo<\/a><\/li><li><a href=\"https:\/\/drive.google.com\/file\/d\/1I6IqMHlTvDgsC9rxOM9wHjd9fFMrSb3v\/view?usp=sharing\" target=\"_blank\" rel=\"noopener\">Consejo Cantonal de Protecci\u00f3n de Derechos<\/a><\/li><li><a href=\"https:\/\/drive.google.com\/file\/d\/1CcmVht0fqxV4p2zwloZ3upPHoiHqU-u6\/view?usp=sharing\" target=\"_blank\" rel=\"noopener\">Unidad Educativa Alicia Marcuard de Yerovi<\/a><\/li><li><a href=\"https:\/\/drive.google.com\/file\/d\/18rOqW_S2XgLW4marXTH5Z7zaomevMRGL\/view?usp=sharing\" target=\"_blank\" rel=\"noopener\">Registro de la Propiedad y Mercanti<\/a>l<\/li><li><a href=\"https:\/\/drive.google.com\/file\/d\/1ScLUA6-3-AdrOF-Nd2gYT7hg63qEN6gq\/view?usp=sharing\" target=\"_blank\" rel=\"noopener\">Control P\u00fablico<\/a><\/li><li><a href=\"https:\/\/drive.google.com\/file\/d\/1nQm1RqDCxsnuLyLAaKh4LLEYWu_BCWK9\/view?usp=sharing\" target=\"_blank\" rel=\"noopener\">Servicios P\u00fablicos<\/a><\/li><li><a href=\"https:\/\/drive.google.com\/file\/d\/16cQfocPlY3bZKRVCZ04v_QowPq60miPG\/view?usp=sharing\" target=\"_blank\" rel=\"noopener\">Seguridad Ciudadana<\/a><\/li><li><a href=\"https:\/\/drive.google.com\/file\/d\/1dQWCUeNWnALILR9KrQw8MwvKMDr56WpN\/view?usp=sharing\" target=\"_blank\" rel=\"noopener\">Direcci\u00f3n de Obras P\u00fablica<\/a><\/li><li><a href=\"https:\/\/drive.google.com\/file\/d\/1mg4-WC4WAVCFIbEgalNul0J1wOQ4ZLHr\/view?usp=sharing\" target=\"_blank\" rel=\"noopener\">Direcci\u00f3n de Agua Potable y Alcantarillado<\/a><\/li><li><a href=\"https:\/\/drive.google.com\/file\/d\/1ezK3yscY2T46ZRWWHMWB4QodgWE8q5_5\/view?usp=sharing\" target=\"_blank\" rel=\"noopener\">Agua Potable<\/a><\/li><li><a href=\"https:\/\/drive.google.com\/file\/d\/1O4dD5qsk6i0i83A_AJSeXFauIM3ff_Yn\/view?usp=sharing\" target=\"_blank\" rel=\"noopener\">Alcantarillado y Saneamiento<\/a><\/li><li><a href=\"https:\/\/drive.google.com\/file\/d\/1y3x8NvVmfNiBOicwoz2TZYsN-5Ltzml6\/view?usp=sharing\" target=\"_blank\" rel=\"noopener\">Direcci\u00f3n de Gesti\u00f3n Ambiental y Desechos S\u00f3lidos<\/a><\/li><li><a href=\"https:\/\/drive.google.com\/file\/d\/1MqzU5GtBQCq7MUEogaV90KojCDZtTL6C\/view?usp=sharing\" target=\"_blank\" rel=\"noopener\">Gesti\u00f3n Ambiental<\/a><\/li><li><a href=\"https:\/\/drive.google.com\/file\/d\/16OHwqguQPXk-iKyKkZYaiuP56-qTDKYd\/view?usp=sharing\" target=\"_blank\" rel=\"noopener\">Gesti\u00f3n de Desechos S\u00f3lidos<\/a><\/li><li><a href=\"https:\/\/drive.google.com\/file\/d\/1MRJU152zOrAFpa2S2aoMTgxoeNPUqJmo\/view?usp=sharing\" target=\"_blank\" rel=\"noopener\">Direcci\u00f3n de Catastros y Aval\u00faos<\/a><\/li><li><a href=\"https:\/\/drive.google.com\/file\/d\/1Ve92HPKrNsgI6KGYKXIkP6zs5nyUSIGO\/view?usp=sharing\" target=\"_blank\" rel=\"noopener\">Planificaci\u00f3n del Desarrollo<\/a><\/li><li><a href=\"https:\/\/drive.google.com\/file\/d\/1pfTqgd-OBCj_L7NeABOWMyqzo9sfsO6D\/view?usp=sharing\" target=\"_blank\" rel=\"noopener\">Registro de Asistencia<\/a><\/li><\/ul>\t\t\t\t\t\t\t\t<\/div>\n\t\t\t\t\t<\/div>\n\t\t\t\t<\/div>\n\t\t\t\t<\/div>\n\t\t\t\t\t<\/details>\n\t\t\t\t\t<\/div>\n\t\t\t\t\t\t<\/div>\n\t\t\t\t\t<\/div>\n\t\t\t\t<\/div>\n\t\t<div class=\"elementor-element elementor-element-c40da83 e-flex e-con-boxed e-con e-parent\" data-id=\"c40da83\" data-element_type=\"container\" data-e-type=\"container\">\n\t\t\t\t\t<div class=\"e-con-inner\">\n\t\t\t\t<div class=\"elementor-element elementor-element-e517f9a elementor-widget elementor-widget-video\" data-id=\"e517f9a\" data-element_type=\"widget\" data-e-type=\"widget\" data-settings=\"{&quot;youtube_url&quot;:&quot;https:\\\/\\\/youtu.be\\\/iy4b_gIeUKM&quot;,&quot;video_type&quot;:&quot;youtube&quot;,&quot;controls&quot;:&quot;yes&quot;}\" data-widget_type=\"video.default\">\n\t\t\t\t\t\t\t<div class=\"elementor-wrapper elementor-open-inline\">\n\t\t\t<div class=\"elementor-video\"><\/div>\t\t<\/div>\n\t\t\t\t\t\t<\/div>\n\t\t\t\t\t<\/div>\n\t\t\t\t<\/div>\n\t\t\t\t<\/div>\n\t\t","protected":false},"excerpt":{"rendered":"<p>PLAN OPERATIVO LEGALIZADO Concejo Municipal Alcald\u00eda Procuradur\u00eda S\u00edndica Comunicaci\u00f3n Institucional Fiscalizaci\u00f3n y Supervisi\u00f3n Seguridad y Salud en el Trabajo Direcci\u00f3n Administrativa Anexo Direcci\u00f3n Administrativa Direcci\u00f3n Financiera Direcci\u00f3n de Catastros y Aval\u00faos Direcci\u00f3n Planificaci\u00f3n del Desarrollo Direcci\u00f3n de Desarrollo Social, Econ\u00f3mico, Cultura y Turismo Consejo Cantonal de Protecci\u00f3n de Derechos Unidad Educativa Alicia Marcuard de Yerovi [&hellip;]<\/p>\n","protected":false},"author":1,"featured_media":0,"parent":0,"menu_order":0,"comment_status":"closed","ping_status":"closed","template":"","meta":{"_acf_changed":false,"_crdt_document":"","footnotes":""},"class_list":["post-9444","page","type-page","status-publish","hentry"],"acf":[],"_links":{"self":[{"href":"https:\/\/www.salcedo.gob.ec\/index.php?rest_route=\/wp\/v2\/pages\/9444","targetHints":{"allow":["GET"]}}],"collection":[{"href":"https:\/\/www.salcedo.gob.ec\/index.php?rest_route=\/wp\/v2\/pages"}],"about":[{"href":"https:\/\/www.salcedo.gob.ec\/index.php?rest_route=\/wp\/v2\/types\/page"}],"author":[{"embeddable":true,"href":"https:\/\/www.salcedo.gob.ec\/index.php?rest_route=\/wp\/v2\/users\/1"}],"replies":[{"embeddable":true,"href":"https:\/\/www.salcedo.gob.ec\/index.php?rest_route=%2Fwp%2Fv2%2Fcomments&post=9444"}],"version-history":[{"count":0,"href":"https:\/\/www.salcedo.gob.ec\/index.php?rest_route=\/wp\/v2\/pages\/9444\/revisions"}],"wp:attachment":[{"href":"https:\/\/www.salcedo.gob.ec\/index.php?rest_route=%2Fwp%2Fv2%2Fmedia&parent=9444"}],"curies":[{"name":"wp","href":"https:\/\/api.w.org\/{rel}","templated":true}]}}